{"id":7,"date":"2025-07-25T10:59:40","date_gmt":"2025-07-25T10:59:40","guid":{"rendered":"https:\/\/slowsocial.hu\/home\/"},"modified":"2025-10-02T17:09:23","modified_gmt":"2025-10-02T17:09:23","slug":"home","status":"publish","type":"page","link":"https:\/\/slowsocial.hu\/en\/","title":{"rendered":"Home page"},"content":{"rendered":"<h1>Radik\u00e1lis tiszt\u00e1nl\u00e1t\u00e1s<\/h1>\n<p>Lorem ipsum dolor sit amet, consectetur adipiscing elit. Ut elit tellus, luctus nec ullamcorper mattis, pulvinar dapibus leo.<\/p>\n<p>\t\t\t\t\t<a href=\"#\"><br \/>\n\t\t\t\t<svg xmlns=\"http:\/\/www.w3.org\/2000\/svg\" viewbox=\"0 0 2048 2048\"><path d=\"M6.125 1088h1797.89l-402.976 403 89.994 90L2048 1024l-556.966-557-89.994 90 402.976 403H6.125v128z\"><\/path><\/svg><br \/>\n\t\t\t\t\t\t\t\t\tH\u00edvd meg Gin\u00e1t el\u0151adni, workshopot tartani<br \/>\n\t\t\t\t\t<\/a><br \/>\n\t\t\t\t\t\t\t\t\t\t\t\t\t\t\t<img loading=\"lazy\" decoding=\"async\" width=\"1024\" height=\"1024\" src=\"https:\/\/slowsocial.hu\/wp-content\/uploads\/2025\/08\/MOMO_1738862061071.jpg\" alt=\"momo 1738862061071\" srcset=\"https:\/\/slowsocial.hu\/wp-content\/uploads\/2025\/08\/MOMO_1738862061071.jpg 1024w, https:\/\/slowsocial.hu\/wp-content\/uploads\/2025\/08\/MOMO_1738862061071-300x300.jpg 300w, https:\/\/slowsocial.hu\/wp-content\/uploads\/2025\/08\/MOMO_1738862061071-150x150.jpg 150w, https:\/\/slowsocial.hu\/wp-content\/uploads\/2025\/08\/MOMO_1738862061071-768x768.jpg 768w\" sizes=\"auto, (max-width: 1024px) 100vw, 1024px\" title=\"Home page\">\t\t\t\t\t\t\t\t\t\t\t\t\t\t\t<\/p>\n<h2>\u00dcdv\u00f6z\u00f6llek<\/h2>\n<p>F\u00e9zler Georgina vagyok, Clarity coach, el\u0151ad\u00f3 \u00e9s egykori k\u00f6z\u00f6ss\u00e9gi m\u00e9dia strat\u00e9ga. <em><strong>Bel\u00fclr\u0151l l\u00e1ttam, hogyan dar\u00e1lja be az emberek idej\u00e9t, figyelm\u00e9t \u00e9s \u00f6nazonoss\u00e1g\u00e1t a digit\u00e1lis g\u00e9pezet.<\/strong><\/em> \u00c9n magam is elvesztem benne \u2013 \u00e9s ez\u00e9rt pontosan tudom, hogy a felsz\u00ednes tippek nem m\u0171k\u00f6dnek.<\/p>\n<p>A <strong>Clarity Coaching<\/strong> nem a digit\u00e1lis detoxr\u00f3l sz\u00f3l, hanem arr\u00f3l, hogy kialak\u00edtsd a saj\u00e1t bels\u0151 ir\u00e1nyt\u0171det egy vil\u00e1gban, amely mindent megtesz, hogy eln\u00e9m\u00edtson. Ez a k\u00fcl\u00f6nbs\u00e9g ak\u00f6z\u00f6tt, hogy sodr\u00f3dsz, vagy te \u00edrod a t\u00f6rt\u00e9neted.<\/p>\n<p>Ma m\u00e1r nem \u00edg\u00e9reteket \u00e1rulok, hanem tiszt\u00e1nl\u00e1t\u00e1st: a zajon t\u00fal megl\u00e1tni \u00f6nmagad. Nem leszek kedves, \u00e9s nem fogom megsimogatni az eg\u00f3d \u2013 de seg\u00edtek megtal\u00e1lni a kij\u00e1ratot a M\u00e1trixb\u00f3l.<\/p>\n<p>\t\t\t\t\t<a href=\"#\"><br \/>\n\t\t\t\t<svg xmlns=\"http:\/\/www.w3.org\/2000\/svg\" viewbox=\"0 0 2048 2048\"><path d=\"M6.125 1088h1797.89l-402.976 403 89.994 90L2048 1024l-556.966-557-89.994 90 402.976 403H6.125v128z\"><\/path><\/svg><br \/>\n\t\t\t\t\t\t\t\t\tR\u00f3lam r\u00e9szletesebben<br \/>\n\t\t\t\t\t<\/a><\/p>\n<h5>Tim has been featured on&#8230;<\/h5>\n<p>\t\t\t\t\t\t\t\t\t\t\t\t\t\t\t<img decoding=\"async\" src=\"https:\/\/slowsocial.hu\/wp-content\/uploads\/2021\/02\/logo-1.svg\" alt=\"logo 1\" title=\"Home page\"><br \/>\n\t\t\t\t\t\t\t\t\t\t\t\t\t\t\t<img decoding=\"async\" src=\"https:\/\/slowsocial.hu\/wp-content\/uploads\/2021\/02\/logo-2.svg\" alt=\"logo 2\" title=\"Home page\"><br \/>\n\t\t\t\t\t\t\t\t\t\t\t\t\t\t\t<img decoding=\"async\" src=\"https:\/\/slowsocial.hu\/wp-content\/uploads\/2021\/02\/logo-3.svg\" alt=\"logo 3\" title=\"Home page\"><br \/>\n\t\t\t\t\t\t\t\t\t\t\t\t\t\t\t<img decoding=\"async\" src=\"https:\/\/slowsocial.hu\/wp-content\/uploads\/2021\/02\/logo-4.svg\" alt=\"logo 4\" title=\"Home page\"><br \/>\n\t\t\t\t\t\t\t\t\t\t\t\t\t\t\t<img decoding=\"async\" src=\"https:\/\/slowsocial.hu\/wp-content\/uploads\/2021\/02\/logo-5.svg\" alt=\"logo 5\" title=\"Home page\"><br \/>\n\t\t\t<a href=\"#\"><br \/>\n\t\t\t\t\t\t<\/a><\/p>\n<h2>Clarity coaching<\/h2>\n<p>A vil\u00e1g tele van zajjal. K\u00f6nyveket olvasol, kurzusokat v\u00e9gzel, id\u00e9zeteket gy\u0171jtesz.<br data-start=\"467\" data-end=\"470\" \/>\u00c9s m\u00e9gis: egy meg egy soha nem adta ki a kett\u0151t. A kirak\u00f3s darabjai csak szaporodtak, te pedig ott maradt\u00e1l a k\u00f6dben.<\/p>\n<p>A <em><strong>Clarity Coaching<\/strong><\/em> nem arr\u00f3l sz\u00f3l, hogy \u201emegjav\u00edtsalak.\u201d\u00a0Nem vagy elromolva.<\/p>\n<p>Ez arr\u00f3l sz\u00f3l, hogy ott tal\u00e1lkozunk, ahol most vagy \u2013 \u00e9s l<strong>eh\u00e1ntjuk r\u00f3lad mindazt, ami nem a ti\u00e9d<\/strong>. Ill\u00fazi\u00f3kat, szerepeket, m\u00e1sok elv\u00e1r\u00e1sait.<\/p>\n<p data-start=\"872\" data-end=\"958\"><strong>A k\u00f6db\u0151l \u2192 tiszt\u00e1nl\u00e1t\u00e1s lesz.<\/strong><br data-start=\"899\" data-end=\"902\" \/><strong>A zajb\u00f3l \u2192 ir\u00e1ny.<\/strong><br data-start=\"917\" data-end=\"920\" \/><strong>A t\u00falterhelts\u00e9gb\u0151l \u2192 f\u00f6ldelt jelenl\u00e9t.<\/strong><\/p>\n<p data-start=\"960\" data-end=\"1137\">A tiszt\u00e1nl\u00e1t\u00e1s nem k\u00e9nyelmes. \u00c9get. El\u00e9get mindent, amire nincs t\u00f6bb\u00e9 sz\u00fcks\u00e9ged.\u00a0\u00a0<\/p>\n<p data-start=\"1139\" data-end=\"1325\">Clarity Coaching: a lass\u00edt\u00e1s m\u0171v\u00e9szete egy sebess\u00e9gf\u00fcgg\u0151 vil\u00e1gban.<\/p>\n<p style=\"text-align: center;\" data-start=\"1139\" data-end=\"1325\"><br data-start=\"1205\" data-end=\"1208\" \/><em><strong>Nem tr\u00fckk, nem hack, nem instant megold\u00e1s.<\/strong><\/em><\/p>\n<p data-start=\"1139\" data-end=\"1325\"><br data-start=\"1250\" data-end=\"1253\" \/>Ez a bels\u0151 munka a saj\u00e1t t\u00fczedr\u0151l sz\u00f3l. Meg\u0151rizni, megtal\u00e1lni, meg\u00f3vni.\u00a0<\/p>\n<p>\t\t\t\t\t<a href=\"#\"><br \/>\n\t\t\t\t<svg xmlns=\"http:\/\/www.w3.org\/2000\/svg\" viewbox=\"0 0 2048 2048\"><path d=\"M6.125 1088h1797.89l-402.976 403 89.994 90L2048 1024l-556.966-557-89.994 90 402.976 403H6.125v128z\"><\/path><\/svg><br \/>\n\t\t\t\t\t\t\t\t\tBejelentkez\u00e9s coachinra<br \/>\n\t\t\t\t\t<\/a><\/p>\n<h2 data-elementor-setting-key=\"infocard_title\" data-elementor-inline-editing-toolbar=\"basic\" >El\u0151ad\u00e1sok<\/h2>\n<p><strong>Az el\u0151ad\u00e1saim k\u00fcl\u00f6nb\u00f6z\u0151 ajt\u00f3k ugyanarra a val\u00f3s\u00e1gra<\/strong>: az online vil\u00e1g \u00e1ra sokkal nagyobb, mint gondoln\u00e1nk. Bel\u00e9phetsz a l\u00e1that\u00f3s\u00e1g rejtett k\u00f6lts\u00e9gein \u00e1t, a f\u00f3kuszod visszaszerz\u00e9s\u00e9vel, vagy az \u00f6nazonoss\u00e1god meg\u0151rz\u00e9s\u00e9n kereszt\u00fcl \u2013 mindegyik ugyanoda vezet: a Clarity-hoz.<\/p>\n<ul>\n<li><em><strong>\u00c9rzelmi \u00e1r<\/strong> <\/em>(l\u00e1that\u00f3s\u00e1g \u00e1ra)<\/li>\n<li><em><strong>F\u00f3kusz \u00e9s figyelem<\/strong><\/em> (lass\u00edts a g\u00f6rget\u00e9sen)<\/li>\n<li><em><strong>Identit\u00e1s \u00e9s \u00f6nazonoss\u00e1g<\/strong><\/em> (\u00f6nveszt\u00e9s n\u00e9lk\u00fcli szabad\u00fasz\u00e1s)<\/li>\n<\/ul>\n<figure><img loading=\"lazy\" decoding=\"async\" width=\"300\" height=\"460\" src=\"https:\/\/slowsocial.hu\/wp-content\/uploads\/2021\/02\/book-3.jpg\" alt=\"book 3\" title=\"Home page\"><\/figure>\n<h4>A l\u00e1that\u00f3s\u00e1g rejtett \u00e1ra \u2013 Hogyan \u0151rizd meg magad az online t\u00e9rben?<\/h4>\n<p>\t\t\t\t\t<a href=\"#\"><br \/>\n\t\t\t\t<svg xmlns=\"http:\/\/www.w3.org\/2000\/svg\" viewbox=\"0 0 2048 2048\"><path d=\"M6.125 1088h1797.89l-402.976 403 89.994 90L2048 1024l-556.966-557-89.994 90 402.976 403H6.125v128z\"><\/path><\/svg><br \/>\n\t\t\t\t\t\t\t\t\tFoglald le<br \/>\n\t\t\t\t\t<\/a><\/p>\n<figure><img loading=\"lazy\" decoding=\"async\" width=\"300\" height=\"460\" src=\"https:\/\/slowsocial.hu\/wp-content\/uploads\/2021\/02\/book-1.jpg\" alt=\"book 1\" title=\"Home page\"><\/figure>\n<h4>Lass\u00edts a g\u00f6rget\u00e9sen \u2013 A f\u00f3kusz visszaszerz\u00e9se a digit\u00e1lis zajban<\/h4>\n<p>\t\t\t\t\t<a href=\"#\"><br \/>\n\t\t\t\t<svg xmlns=\"http:\/\/www.w3.org\/2000\/svg\" viewbox=\"0 0 2048 2048\"><path d=\"M6.125 1088h1797.89l-402.976 403 89.994 90L2048 1024l-556.966-557-89.994 90 402.976 403H6.125v128z\"><\/path><\/svg><br \/>\n\t\t\t\t\t\t\t\t\tFoglald le<br \/>\n\t\t\t\t\t<\/a><\/p>\n<figure><img loading=\"lazy\" decoding=\"async\" width=\"300\" height=\"460\" src=\"https:\/\/slowsocial.hu\/wp-content\/uploads\/2021\/02\/book-2.jpg\" alt=\"book 2\" title=\"Home page\"><\/figure>\n<h4>Szabad\u00fasz\u00e1s \u00f6nveszt\u00e9s n\u00e9lk\u00fcl \u2013 Hogyan maradj \u00f6nazonos a digit\u00e1lis vil\u00e1gban?<\/h4>\n<p>\t\t\t\t\t<a href=\"#\"><br \/>\n\t\t\t\t<svg xmlns=\"http:\/\/www.w3.org\/2000\/svg\" viewbox=\"0 0 2048 2048\"><path d=\"M6.125 1088h1797.89l-402.976 403 89.994 90L2048 1024l-556.966-557-89.994 90 402.976 403H6.125v128z\"><\/path><\/svg><br \/>\n\t\t\t\t\t\t\t\t\tHallgasd meg<br \/>\n\t\t\t\t\t<\/a><br \/>\n\t\t\t\t\t<a href=\"#\"><br \/>\n\t\t\t\t<svg xmlns=\"http:\/\/www.w3.org\/2000\/svg\" viewbox=\"0 0 2048 2048\"><path d=\"M6.125 1088h1797.89l-402.976 403 89.994 90L2048 1024l-556.966-557-89.994 90 402.976 403H6.125v128z\"><\/path><\/svg><br \/>\n\t\t\t\t\t\t\t\t\tM\u00e9g t\u00f6bb izgalmas t\u00e9ma<br \/>\n\t\t\t\t\t<\/a><br \/>\n\t\t\t\t\t\u201c\t\t\t\t<\/p>\n<h3>A tiszt\u00e1nl\u00e1t\u00e1s v\u00e1ls\u00e1ga: Az emberek nem puszt\u00e1n t\u00falterheltek; \u00f6nmagukat szabot\u00e1lj\u00e1k a t\u00falzott stimul\u00e1ci\u00f3val. Fal\u00e1nk m\u00f3don szednek hat\u00e9konys\u00e1gn\u00f6vel\u0151 tippeket, \u00f6nseg\u00edt\u0151 tr\u00fckk\u00f6ket \u00e9s gy\u00f3gy\u00edt\u00f3 trendeket, de titokban elker\u00fclik a lelassul\u00e1s \u00e9s a fontos dolgokkal val\u00f3 szemben\u00e9z\u00e9s igazi munk\u00e1j\u00e1t.<br \/>\n\u201eBiztons\u00e1gos\u201d cselekedetekbe b\u00fajnak (\u00fajra napl\u00f3\u00edr\u00e1s, a h\u00e9t megszervez\u00e9se, TED-el\u0151ad\u00e1sok n\u00e9z\u00e9se), mik\u00f6zben elker\u00fclik a val\u00f3di \u00e1talakul\u00e1st: a v\u00e1laszt\u00e1st, az elk\u00f6telez\u0151d\u00e9st, a v\u00e1l\u00e1st.<br \/>\nNem zavarodottak. Csak sz\u00e9tsz\u00f3rtak.<\/h3>\n<h2>Gina blogja<\/h2>\n<p>\t\t\t\t\t<a href=\"#\"><br \/>\n\t\t\t\t<svg xmlns=\"http:\/\/www.w3.org\/2000\/svg\" viewbox=\"0 0 2048 2048\"><path d=\"M6.125 1088h1797.89l-402.976 403 89.994 90L2048 1024l-556.966-557-89.994 90 402.976 403H6.125v128z\"><\/path><\/svg><br \/>\n\t\t\t\t\t\t\t\t\tN\u00e9zd meg az \u00f6sszes cikket<br \/>\n\t\t\t\t\t<\/a><br \/>\n\t\t\t\t\t\t\t\t\t\t\t\t\t\t\t<img loading=\"lazy\" decoding=\"async\" width=\"368\" height=\"276\" src=\"https:\/\/slowsocial.hu\/wp-content\/uploads\/2021\/02\/public-speaker-template-blog-img-thumb-1.jpg\" alt=\"public speaker template blog img thumb 1\" title=\"Home page\">\t\t\t\t\t\t\t\t\t\t\t\t\t\t\t<\/p>\n<p>Jan 7, 2021 &#8211; Tim Walter<\/p>\n<h4>Nulla aliquam egestas quisque augue faucibus<\/h4>\n<p>\t\t\t\t\t<a href=\"#\"><br \/>\n\t\t\t\t<svg xmlns=\"http:\/\/www.w3.org\/2000\/svg\" viewbox=\"0 0 2048 2048\"><path d=\"M6.125 1088h1797.89l-402.976 403 89.994 90L2048 1024l-556.966-557-89.994 90 402.976 403H6.125v128z\"><\/path><\/svg><br \/>\n\t\t\t\t\t\t\t\t\tRead more<br \/>\n\t\t\t\t\t<\/a><br \/>\n\t\t\t\t\t\t\t\t\t\t\t\t\t\t\t<img loading=\"lazy\" decoding=\"async\" width=\"368\" height=\"276\" src=\"https:\/\/slowsocial.hu\/wp-content\/uploads\/2021\/02\/public-speaker-template-blog-img-thumb-2.jpg\" alt=\"public speaker template blog img thumb 2\" title=\"Home page\">\t\t\t\t\t\t\t\t\t\t\t\t\t\t\t<\/p>\n<p>Jan 7, 2021 &#8211; Tim Walter<\/p>\n<h4>Pellentesque adipiscing iaculis hac aliquam<\/h4>\n<p>\t\t\t\t\t<a href=\"#\"><br \/>\n\t\t\t\t<svg xmlns=\"http:\/\/www.w3.org\/2000\/svg\" viewbox=\"0 0 2048 2048\"><path d=\"M6.125 1088h1797.89l-402.976 403 89.994 90L2048 1024l-556.966-557-89.994 90 402.976 403H6.125v128z\"><\/path><\/svg><br \/>\n\t\t\t\t\t\t\t\t\tRead more<br \/>\n\t\t\t\t\t<\/a><br \/>\n\t\t\t\t\t\t\t\t\t\t\t\t\t\t\t<img loading=\"lazy\" decoding=\"async\" width=\"368\" height=\"276\" src=\"https:\/\/slowsocial.hu\/wp-content\/uploads\/2021\/02\/public-speaker-template-blog-img-thumb-3.jpg\" alt=\"public speaker template blog img thumb 3\" title=\"Home page\">\t\t\t\t\t\t\t\t\t\t\t\t\t\t\t<\/p>\n<p>Jan 7, 2021 &#8211; Tim Walter<\/p>\n<h4>Porta magna integer tellus<\/h4>\n<p>\t\t\t\t\t<a href=\"#\"><br \/>\n\t\t\t\t<svg xmlns=\"http:\/\/www.w3.org\/2000\/svg\" viewbox=\"0 0 2048 2048\"><path d=\"M6.125 1088h1797.89l-402.976 403 89.994 90L2048 1024l-556.966-557-89.994 90 402.976 403H6.125v128z\"><\/path><\/svg><br \/>\n\t\t\t\t\t\t\t\t\tRead more<br \/>\n\t\t\t\t\t<\/a><\/p>","protected":false},"excerpt":{"rendered":"<p>Radik\u00e1lis tiszt\u00e1nl\u00e1t\u00e1s Lorem ipsum dolor sit amet, consectetur adipiscing elit. Ut elit tellus, luctus nec ullamcorper mattis, pulvinar dapibus leo. H\u00edvd meg Gin\u00e1t el\u0151adni, workshopot tartani \u00dcdv\u00f6z\u00f6llek F\u00e9zler Georgina vagyok, Clarity coach, el\u0151ad\u00f3 \u00e9s egykori k\u00f6z\u00f6ss\u00e9gi m\u00e9dia strat\u00e9ga. Bel\u00fclr\u0151l l\u00e1ttam, hogyan dar\u00e1lja be az emberek idej\u00e9t, figyelm\u00e9t \u00e9s \u00f6nazonoss\u00e1g\u00e1t a digit\u00e1lis g\u00e9pezet. \u00c9n magam is [&hellip;]<\/p>\n","protected":false},"author":1,"featured_media":0,"parent":0,"menu_order":0,"comment_status":"closed","ping_status":"closed","template":"","meta":{"footnotes":""},"class_list":["post-7","page","type-page","status-publish","hentry"],"_links":{"self":[{"href":"https:\/\/slowsocial.hu\/en\/wp-json\/wp\/v2\/pages\/7","targetHints":{"allow":["GET"]}}],"collection":[{"href":"https:\/\/slowsocial.hu\/en\/wp-json\/wp\/v2\/pages"}],"about":[{"href":"https:\/\/slowsocial.hu\/en\/wp-json\/wp\/v2\/types\/page"}],"author":[{"embeddable":true,"href":"https:\/\/slowsocial.hu\/en\/wp-json\/wp\/v2\/users\/1"}],"replies":[{"embeddable":true,"href":"https:\/\/slowsocial.hu\/en\/wp-json\/wp\/v2\/comments?post=7"}],"version-history":[{"count":13,"href":"https:\/\/slowsocial.hu\/en\/wp-json\/wp\/v2\/pages\/7\/revisions"}],"predecessor-version":[{"id":1509,"href":"https:\/\/slowsocial.hu\/en\/wp-json\/wp\/v2\/pages\/7\/revisions\/1509"}],"wp:attachment":[{"href":"https:\/\/slowsocial.hu\/en\/wp-json\/wp\/v2\/media?parent=7"}],"curies":[{"name":"wp","href":"https:\/\/api.w.org\/{rel}","templated":true}]}}