{"id":1999,"date":"2025-12-19T08:30:01","date_gmt":"2025-12-19T08:30:01","guid":{"rendered":"https:\/\/slowsocial.hu\/?page_id=1999"},"modified":"2026-02-19T09:50:25","modified_gmt":"2026-02-19T09:50:25","slug":"zug","status":"publish","type":"page","link":"https:\/\/slowsocial.hu\/en\/zug\/","title":{"rendered":"ZUG"},"content":{"rendered":"<div class=\"wp-block-group alignfull is-layout-flow wp-block-group-is-layout-flow\">\n<div class=\"wp-block-group alignfull has-mono-4-background-color has-background has-global-padding is-layout-constrained wp-container-core-group-is-layout-129f6e7c wp-block-group-is-layout-constrained\" style=\"margin-top:0;margin-bottom:0;padding-top:var(--wp--preset--spacing--superbspacing-large);padding-right:var(--wp--preset--spacing--superbspacing-small);padding-bottom:var(--wp--preset--spacing--superbspacing-large);padding-left:var(--wp--preset--spacing--superbspacing-small)\">\n<div class=\"wp-block-columns alignwide is-layout-flex wp-container-core-columns-is-layout-25593187 wp-block-columns-is-layout-flex\">\n<div class=\"wp-block-column is-vertically-aligned-center is-layout-flow wp-container-core-column-is-layout-a1628350 wp-block-column-is-layout-flow\" style=\"padding-top:0;padding-right:0;padding-bottom:0;padding-left:0\">\n<div class=\"wp-block-group is-layout-flow wp-container-core-group-is-layout-ff697075 wp-block-group-is-layout-flow\">\n<h3 class=\"wp-block-heading has-text-align-left has-superbfont-xlarge-font-size\" style=\"line-height:1.2\">\u201eAhol a l\u00e1thatatlan l\u00e1that\u00f3v\u00e1 v\u00e1lik.\u201d<\/h3>\n\n\n\n<p class=\"has-text-align-left has-mono-2-color has-text-color has-superbfont-small-font-size\">A ZUG egy megtart\u00f3, letisztult t\u00e9r azoknak, akik nem ker\u00fclgetni, hanem \u00e9rteni \u00e9s mozgatni szeretn\u00e9k azt, amiben \u00e9pp elakadtak. Kiscsoportos (4 f\u0151s) workshopok \u00e9s egy\u00e9ni folyamatok zajlanak itt, lass\u00fa, m\u00e9gis hat\u00e1rozott temp\u00f3ban.<\/p>\n\n\n\n<p class=\"has-text-align-left has-mono-2-color has-text-color has-superbfont-small-font-size\">2024 \u00f3ta, a Nyolc \u00e9s f\u00e9l falai k\u00f6z\u00f6tt a ZUG m\u00e1r t\u00f6bb mint <strong>30 egy\u00e9ni folyamatnak \u00e9s \u00fcl\u00e9snek<\/strong> adott teret \u2013 olyan tal\u00e1lkoz\u00e1soknak, ahol az emberek<strong><em> ki tudtak l\u00e9pni egy megragadt, k\u00e9nyelmetlen \u00e1llapotb\u00f3l, \u00e9s \u00faj n\u00e9z\u0151pontb\u00f3l r\u00e1n\u00e9zni \u00f6nmagukra, a helyzet\u00fckre, a d\u00f6nt\u00e9seikre.<\/em><\/strong><\/p>\n\n\n\n<p class=\"has-text-align-left has-mono-2-color has-text-color has-superbfont-small-font-size\">Ez a tiszt\u00e1nl\u00e1t\u00e1s \u00e9s \u00fajra\u00e9rtelmez\u00e9s tere. Nem s\u00fcrget, de nem is hagyja, hogy elb\u00fajj a k\u00e9nyelmes kifog\u00e1sok m\u00f6g\u00e9. <strong><em>Itt az ember er\u0151t gy\u0171jt a tettekhez, kimond, elenged, \u00fajrarendez \u2013 majd visszat\u00e9r felt\u00f6lt\u0151dni, amikor sz\u00fcks\u00e9ge van r\u00e1.<\/em><\/strong> A ZUG nem \u00edg\u00e9r gyors megold\u00e1sokat, viszont val\u00f3di jelenl\u00e9tet, figyelmet \u00e9s m\u00e9lys\u00e9get ad. Egy hely, ahov\u00e1 nem \u201ejobb verzi\u00f3\u00e9rt\u201d, hanem \u0151szint\u00e9bb kapcsol\u00f3d\u00e1s\u00e9rt \u00e9rkezel \u00f6nmagadhoz.<\/p>\n<\/div>\n\n\n\n<div class=\"wp-block-buttons is-layout-flex wp-container-core-buttons-is-layout-69f3c5ca wp-block-buttons-is-layout-flex\">\n<div class=\"wp-block-button\"><a class=\"wp-block-button__link has-superbfont-small-font-size has-custom-font-size wp-element-button\" style=\"padding-top:var(--wp--preset--spacing--superbspacing-xsmall);padding-right:var(--wp--preset--spacing--superbspacing-xsmall);padding-bottom:var(--wp--preset--spacing--superbspacing-xsmall);padding-left:var(--wp--preset--spacing--superbspacing-xsmall)\">ZUG h\u00edrlev\u00e9l feliratkoz\u00e1s \u2192<\/a><\/div>\n\n\n\n<div class=\"wp-block-button is-style-outline is-style-outline--1\"><a class=\"wp-block-button__link has-superbfont-small-font-size has-custom-font-size wp-element-button\" style=\"padding-top:var(--wp--preset--spacing--superbspacing-xsmall);padding-right:var(--wp--preset--spacing--superbspacing-xsmall);padding-bottom:var(--wp--preset--spacing--superbspacing-xsmall);padding-left:var(--wp--preset--spacing--superbspacing-xsmall)\">Ingyenes alkalmak<\/a><\/div>\n<\/div>\n<\/div>\n\n\n\n<div class=\"wp-block-column is-vertically-aligned-center is-layout-flow wp-container-core-column-is-layout-40a2a7e8 wp-block-column-is-layout-flow\" style=\"padding-right:0;padding-bottom:0;padding-left:0\">\n<figure class=\"wp-block-image size-large has-custom-border\"><img loading=\"lazy\" decoding=\"async\" width=\"1024\" height=\"768\" src=\"https:\/\/slowsocial.hu\/wp-content\/uploads\/2025\/12\/IMG_20250224_160815-1024x768.jpg\" alt=\"img 20250224 160815\" class=\"wp-image-2003\" style=\"border-radius:8px\" title=\"ZUG\" srcset=\"https:\/\/slowsocial.hu\/wp-content\/uploads\/2025\/12\/IMG_20250224_160815-1024x768.jpg 1024w, https:\/\/slowsocial.hu\/wp-content\/uploads\/2025\/12\/IMG_20250224_160815-300x225.jpg 300w, https:\/\/slowsocial.hu\/wp-content\/uploads\/2025\/12\/IMG_20250224_160815-768x576.jpg 768w, https:\/\/slowsocial.hu\/wp-content\/uploads\/2025\/12\/IMG_20250224_160815-1536x1152.jpg 1536w, https:\/\/slowsocial.hu\/wp-content\/uploads\/2025\/12\/IMG_20250224_160815-2048x1536.jpg 2048w, https:\/\/slowsocial.hu\/wp-content\/uploads\/2025\/12\/IMG_20250224_160815-16x12.jpg 16w\" sizes=\"auto, (max-width: 1024px) 100vw, 1024px\" \/><\/figure>\n<\/div>\n<\/div>\n<\/div>\n<\/div>\n\n\n\n<p><\/p>\n\n\n\n<div class=\"wp-block-group alignfull is-layout-flow wp-block-group-is-layout-flow\">\n<div class=\"wp-block-group alignwide has-global-padding is-layout-constrained wp-container-core-group-is-layout-d52ed851 wp-block-group-is-layout-constrained\" style=\"margin-top:var(--wp--preset--spacing--superbspacing-xlarge);margin-bottom:var(--wp--preset--spacing--superbspacing-xlarge);padding-right:var(--wp--preset--spacing--superbspacing-small);padding-left:var(--wp--preset--spacing--superbspacing-small)\">\n<div class=\"wp-block-columns alignwide is-layout-flex wp-container-core-columns-is-layout-28f84493 wp-block-columns-is-layout-flex\">\n<div class=\"wp-block-column is-layout-flow wp-block-column-is-layout-flow\">\n<div class=\"wp-block-cover has-aspect-ratio\" style=\"padding-top:var(--wp--preset--spacing--superbspacing-medium);padding-right:var(--wp--preset--spacing--superbspacing-medium);padding-bottom:var(--wp--preset--spacing--superbspacing-medium);padding-left:var(--wp--preset--spacing--superbspacing-medium);aspect-ratio:1;min-height:unset;\"><img loading=\"lazy\" decoding=\"async\" width=\"576\" height=\"1024\" class=\"wp-block-cover__image-background wp-image-2014 size-large\" alt=\"img 20241020 153446\" src=\"https:\/\/slowsocial.hu\/wp-content\/uploads\/2025\/12\/IMG_20241020_153446-576x1024.jpg\" data-object-fit=\"cover\" title=\"ZUG\" srcset=\"https:\/\/slowsocial.hu\/wp-content\/uploads\/2025\/12\/IMG_20241020_153446-576x1024.jpg 576w, https:\/\/slowsocial.hu\/wp-content\/uploads\/2025\/12\/IMG_20241020_153446-169x300.jpg 169w, https:\/\/slowsocial.hu\/wp-content\/uploads\/2025\/12\/IMG_20241020_153446-768x1365.jpg 768w, https:\/\/slowsocial.hu\/wp-content\/uploads\/2025\/12\/IMG_20241020_153446-864x1536.jpg 864w, https:\/\/slowsocial.hu\/wp-content\/uploads\/2025\/12\/IMG_20241020_153446-1152x2048.jpg 1152w, https:\/\/slowsocial.hu\/wp-content\/uploads\/2025\/12\/IMG_20241020_153446-7x12.jpg 7w, https:\/\/slowsocial.hu\/wp-content\/uploads\/2025\/12\/IMG_20241020_153446-scaled.jpg 1440w\" sizes=\"auto, (max-width: 576px) 100vw, 576px\" \/><span aria-hidden=\"true\" class=\"wp-block-cover__background has-contrast-dark-background-color has-background-dim\"><\/span><div class=\"wp-block-cover__inner-container has-global-padding is-layout-constrained wp-container-core-cover-is-layout-e3143389 wp-block-cover-is-layout-constrained\">\n<p class=\"has-text-align-center has-contrast-light-color has-text-color has-link-color wp-elements-fa85aeff42f0d3ec4a8256851a78b335\" style=\"font-size:clamp(23.043px, 1.44rem + ((1vw - 3.2px) * 1.7), 38px);letter-spacing:6px\">EGY\u00c9NI COACHING<\/p>\n<\/div><\/div>\n<\/div>\n\n\n\n<div class=\"wp-block-column is-layout-flow wp-block-column-is-layout-flow\">\n<div class=\"wp-block-cover has-aspect-ratio\" style=\"padding-top:var(--wp--preset--spacing--superbspacing-medium);padding-right:var(--wp--preset--spacing--superbspacing-medium);padding-bottom:var(--wp--preset--spacing--superbspacing-medium);padding-left:var(--wp--preset--spacing--superbspacing-medium);aspect-ratio:1;min-height:unset;\"><img loading=\"lazy\" decoding=\"async\" width=\"1024\" height=\"768\" class=\"wp-block-cover__image-background wp-image-2015 size-large\" alt=\"img 20250614 125058\" src=\"https:\/\/slowsocial.hu\/wp-content\/uploads\/2025\/12\/IMG_20250614_125058-1024x768.jpg\" data-object-fit=\"cover\" title=\"ZUG\" srcset=\"https:\/\/slowsocial.hu\/wp-content\/uploads\/2025\/12\/IMG_20250614_125058-1024x768.jpg 1024w, https:\/\/slowsocial.hu\/wp-content\/uploads\/2025\/12\/IMG_20250614_125058-300x225.jpg 300w, https:\/\/slowsocial.hu\/wp-content\/uploads\/2025\/12\/IMG_20250614_125058-768x576.jpg 768w, https:\/\/slowsocial.hu\/wp-content\/uploads\/2025\/12\/IMG_20250614_125058-1536x1152.jpg 1536w, https:\/\/slowsocial.hu\/wp-content\/uploads\/2025\/12\/IMG_20250614_125058-2048x1536.jpg 2048w, https:\/\/slowsocial.hu\/wp-content\/uploads\/2025\/12\/IMG_20250614_125058-16x12.jpg 16w\" sizes=\"auto, (max-width: 1024px) 100vw, 1024px\" \/><span aria-hidden=\"true\" class=\"wp-block-cover__background has-contrast-dark-background-color has-background-dim\"><\/span><div class=\"wp-block-cover__inner-container has-global-padding is-layout-constrained wp-container-core-cover-is-layout-e3143389 wp-block-cover-is-layout-constrained\">\n<p class=\"has-text-align-center has-contrast-light-color has-text-color has-link-color wp-elements-76ae3662e0a292f2bc1ba0d16e909d98\" style=\"font-size:clamp(23.043px, 1.44rem + ((1vw - 3.2px) * 1.7), 38px);letter-spacing:6px\">CSOPORTOK<\/p>\n\n\n\n<p><\/p>\n<\/div><\/div>\n<\/div>\n<\/div>\n\n\n\n<div class=\"wp-block-columns alignwide is-layout-flex wp-container-core-columns-is-layout-28f84493 wp-block-columns-is-layout-flex\">\n<div class=\"wp-block-column is-layout-flow wp-block-column-is-layout-flow\">\n<div class=\"wp-block-cover has-aspect-ratio\" style=\"padding-top:var(--wp--preset--spacing--superbspacing-medium);padding-right:var(--wp--preset--spacing--superbspacing-medium);padding-bottom:var(--wp--preset--spacing--superbspacing-medium);padding-left:var(--wp--preset--spacing--superbspacing-medium);aspect-ratio:1;min-height:unset;\"><img loading=\"lazy\" decoding=\"async\" width=\"766\" height=\"1024\" class=\"wp-block-cover__image-background wp-image-2017 size-large\" alt=\"img 20250517 133805\" src=\"https:\/\/slowsocial.hu\/wp-content\/uploads\/2025\/12\/IMG_20250517_133805-766x1024.jpg\" data-object-fit=\"cover\" title=\"ZUG\" srcset=\"https:\/\/slowsocial.hu\/wp-content\/uploads\/2025\/12\/IMG_20250517_133805-766x1024.jpg 766w, https:\/\/slowsocial.hu\/wp-content\/uploads\/2025\/12\/IMG_20250517_133805-224x300.jpg 224w, https:\/\/slowsocial.hu\/wp-content\/uploads\/2025\/12\/IMG_20250517_133805-768x1026.jpg 768w, https:\/\/slowsocial.hu\/wp-content\/uploads\/2025\/12\/IMG_20250517_133805-1149x1536.jpg 1149w, https:\/\/slowsocial.hu\/wp-content\/uploads\/2025\/12\/IMG_20250517_133805-1532x2048.jpg 1532w, https:\/\/slowsocial.hu\/wp-content\/uploads\/2025\/12\/IMG_20250517_133805-9x12.jpg 9w, https:\/\/slowsocial.hu\/wp-content\/uploads\/2025\/12\/IMG_20250517_133805-scaled.jpg 1916w\" sizes=\"auto, (max-width: 766px) 100vw, 766px\" \/><span aria-hidden=\"true\" class=\"wp-block-cover__background has-contrast-dark-background-color has-background-dim\"><\/span><div class=\"wp-block-cover__inner-container has-global-padding is-layout-constrained wp-container-core-cover-is-layout-e3143389 wp-block-cover-is-layout-constrained\">\n<p class=\"has-text-align-center has-contrast-light-color has-text-color has-link-color wp-elements-668ca660917c7a841196fd32af97e339\" style=\"font-size:clamp(23.043px, 1.44rem + ((1vw - 3.2px) * 1.7), 38px);letter-spacing:6px\">INGYENES<\/p>\n\n\n\n<p class=\"has-text-align-center has-contrast-light-color has-text-color has-link-color wp-elements-50605a9354bfdbefc41b2c2e9e45c273\" style=\"font-size:clamp(23.043px, 1.44rem + ((1vw - 3.2px) * 1.7), 38px);letter-spacing:6px\">PROGRAMOK<\/p>\n<\/div><\/div>\n<\/div>\n\n\n\n<div class=\"wp-block-column is-layout-flow wp-block-column-is-layout-flow\">\n<div class=\"wp-block-cover has-contrast-light-color has-text-color has-link-color wp-elements-40f858c582691079a47d62fa9c382102 has-aspect-ratio\" style=\"padding-top:var(--wp--preset--spacing--superbspacing-medium);padding-right:var(--wp--preset--spacing--superbspacing-medium);padding-bottom:var(--wp--preset--spacing--superbspacing-medium);padding-left:var(--wp--preset--spacing--superbspacing-medium);aspect-ratio:1;min-height:unset;\"><img loading=\"lazy\" decoding=\"async\" width=\"576\" height=\"1024\" class=\"wp-block-cover__image-background wp-image-2018 size-large\" alt=\"img 20241020 153347\" src=\"https:\/\/slowsocial.hu\/wp-content\/uploads\/2025\/12\/IMG_20241020_153347-576x1024.jpg\" data-object-fit=\"cover\" title=\"ZUG\" srcset=\"https:\/\/slowsocial.hu\/wp-content\/uploads\/2025\/12\/IMG_20241020_153347-576x1024.jpg 576w, https:\/\/slowsocial.hu\/wp-content\/uploads\/2025\/12\/IMG_20241020_153347-169x300.jpg 169w, https:\/\/slowsocial.hu\/wp-content\/uploads\/2025\/12\/IMG_20241020_153347-768x1365.jpg 768w, https:\/\/slowsocial.hu\/wp-content\/uploads\/2025\/12\/IMG_20241020_153347-864x1536.jpg 864w, https:\/\/slowsocial.hu\/wp-content\/uploads\/2025\/12\/IMG_20241020_153347-1152x2048.jpg 1152w, https:\/\/slowsocial.hu\/wp-content\/uploads\/2025\/12\/IMG_20241020_153347-7x12.jpg 7w, https:\/\/slowsocial.hu\/wp-content\/uploads\/2025\/12\/IMG_20241020_153347-scaled.jpg 1440w\" sizes=\"auto, (max-width: 576px) 100vw, 576px\" \/><span aria-hidden=\"true\" class=\"wp-block-cover__background has-contrast-dark-background-color has-background-dim\"><\/span><div class=\"wp-block-cover__inner-container has-global-padding is-layout-constrained wp-container-core-cover-is-layout-e3143389 wp-block-cover-is-layout-constrained\">\n<p class=\"has-text-align-center has-contrast-light-color has-text-color has-link-color wp-elements-c6ede9a6613ebcf492277c4c053c9177\" style=\"font-size:clamp(23.043px, 1.44rem + ((1vw - 3.2px) * 1.7), 38px);letter-spacing:6px\">HOSSZ\u00da \u00d6NISMERETI FOLYAMATOK<\/p>\n<\/div><\/div>\n<\/div>\n<\/div>\n<\/div>\n<\/div>\n\n\n\n<figure class=\"wp-block-image aligncenter size-large\"><img loading=\"lazy\" decoding=\"async\" width=\"724\" height=\"1024\" src=\"https:\/\/slowsocial.hu\/wp-content\/uploads\/2025\/12\/ZUG_IgyGyereBe2025-1-724x1024.png\" alt=\"zug igygyerebe2025 (1)\" class=\"wp-image-2013\" title=\"ZUG\" srcset=\"https:\/\/slowsocial.hu\/wp-content\/uploads\/2025\/12\/ZUG_IgyGyereBe2025-1-724x1024.png 724w, https:\/\/slowsocial.hu\/wp-content\/uploads\/2025\/12\/ZUG_IgyGyereBe2025-1-212x300.png 212w, https:\/\/slowsocial.hu\/wp-content\/uploads\/2025\/12\/ZUG_IgyGyereBe2025-1-768x1086.png 768w, https:\/\/slowsocial.hu\/wp-content\/uploads\/2025\/12\/ZUG_IgyGyereBe2025-1-1086x1536.png 1086w, https:\/\/slowsocial.hu\/wp-content\/uploads\/2025\/12\/ZUG_IgyGyereBe2025-1-8x12.png 8w, https:\/\/slowsocial.hu\/wp-content\/uploads\/2025\/12\/ZUG_IgyGyereBe2025-1.png 1414w\" sizes=\"auto, (max-width: 724px) 100vw, 724px\" \/><\/figure>\n\n\n\n<p><\/p>\n\n\n\n<div class=\"wp-block-group alignfull is-layout-flow wp-block-group-is-layout-flow\"><\/div>\n\n\n\n<p><\/p>","protected":false},"excerpt":{"rendered":"<p>\u201eAhol a l\u00e1thatatlan l\u00e1that\u00f3v\u00e1 v\u00e1lik.\u201d A ZUG egy megtart\u00f3, letisztult t\u00e9r azoknak, akik nem ker\u00fclgetni, hanem \u00e9rteni \u00e9s mozgatni szeretn\u00e9k azt, amiben \u00e9pp elakadtak. Kiscsoportos (4 f\u0151s) workshopok \u00e9s egy\u00e9ni folyamatok zajlanak itt, lass\u00fa, m\u00e9gis hat\u00e1rozott temp\u00f3ban. 2024 \u00f3ta, a Nyolc \u00e9s f\u00e9l falai k\u00f6z\u00f6tt a ZUG m\u00e1r t\u00f6bb mint 30 egy\u00e9ni folyamatnak \u00e9s \u00fcl\u00e9snek [&hellip;]<\/p>\n","protected":false},"author":1,"featured_media":0,"parent":0,"menu_order":0,"comment_status":"closed","ping_status":"closed","template":"zug","meta":{"footnotes":""},"class_list":["post-1999","page","type-page","status-publish","hentry"],"_links":{"self":[{"href":"https:\/\/slowsocial.hu\/en\/wp-json\/wp\/v2\/pages\/1999","targetHints":{"allow":["GET"]}}],"collection":[{"href":"https:\/\/slowsocial.hu\/en\/wp-json\/wp\/v2\/pages"}],"about":[{"href":"https:\/\/slowsocial.hu\/en\/wp-json\/wp\/v2\/types\/page"}],"author":[{"embeddable":true,"href":"https:\/\/slowsocial.hu\/en\/wp-json\/wp\/v2\/users\/1"}],"replies":[{"embeddable":true,"href":"https:\/\/slowsocial.hu\/en\/wp-json\/wp\/v2\/comments?post=1999"}],"version-history":[{"count":4,"href":"https:\/\/slowsocial.hu\/en\/wp-json\/wp\/v2\/pages\/1999\/revisions"}],"predecessor-version":[{"id":2020,"href":"https:\/\/slowsocial.hu\/en\/wp-json\/wp\/v2\/pages\/1999\/revisions\/2020"}],"wp:attachment":[{"href":"https:\/\/slowsocial.hu\/en\/wp-json\/wp\/v2\/media?parent=1999"}],"curies":[{"name":"wp","href":"https:\/\/api.w.org\/{rel}","templated":true}]}}